{"id":477,"date":"2024-09-26T13:30:20","date_gmt":"2024-09-26T12:30:20","guid":{"rendered":"https:\/\/pulmonolog-wieliczka.pl\/?page_id=477"},"modified":"2024-09-26T13:43:52","modified_gmt":"2024-09-26T12:43:52","slug":"polityka-prywatnosci","status":"publish","type":"page","link":"https:\/\/pulmonolog-wieliczka.pl\/en\/polityka-prywatnosci\/","title":{"rendered":"Privacy policy"},"content":{"rendered":"<div data-elementor-type=\"wp-page\" data-elementor-id=\"477\" class=\"elementor elementor-477\" data-elementor-post-type=\"page\">\n\t\t\t\t\t\t<section class=\"elementor-section elementor-top-section elementor-element elementor-element-d3806f7 elementor-section-full_width elementor-section-stretched elementor-section-height-default elementor-section-height-default\" data-id=\"d3806f7\" data-element_type=\"section\" data-settings=\"{&quot;stretch_section&quot;:&quot;section-stretched&quot;}\">\n\t\t\t\t\t\t<div class=\"elementor-container elementor-column-gap-wider\">\n\t\t\t\t\t<div class=\"elementor-column elementor-col-100 elementor-top-column elementor-element elementor-element-caf6059\" data-id=\"caf6059\" data-element_type=\"column\" data-settings=\"{&quot;background_background&quot;:&quot;classic&quot;}\">\n\t\t\t<div class=\"elementor-widget-wrap elementor-element-populated\">\n\t\t\t\t\t\t<section class=\"elementor-section elementor-inner-section elementor-element elementor-element-5d2b40f elementor-section-boxed elementor-section-height-default elementor-section-height-default\" data-id=\"5d2b40f\" data-element_type=\"section\">\n\t\t\t\t\t\t<div class=\"elementor-container elementor-column-gap-default\">\n\t\t\t\t\t<div class=\"elementor-column elementor-col-100 elementor-inner-column elementor-element elementor-element-c2850cc\" data-id=\"c2850cc\" data-element_type=\"column\">\n\t\t\t<div class=\"elementor-widget-wrap elementor-element-populated\">\n\t\t\t\t\t\t<div class=\"elementor-element elementor-element-db378e4 elementor-widget elementor-widget-heading\" data-id=\"db378e4\" data-element_type=\"widget\" data-widget_type=\"heading.default\">\n\t\t\t\t<div class=\"elementor-widget-container\">\n\t\t\t<h1 class=\"elementor-heading-title elementor-size-default\">Privacy <span style=\"color:#2B6CF5\">policy<\/span><\/h1>\t\t<\/div>\n\t\t\t\t<\/div>\n\t\t\t\t<div class=\"elementor-element elementor-element-f64331e elementor-widget__width-initial elementor-widget elementor-widget-heading\" data-id=\"f64331e\" data-element_type=\"widget\" data-widget_type=\"heading.default\">\n\t\t\t\t<div class=\"elementor-widget-container\">\n\t\t\t<h5 class=\"elementor-heading-title elementor-size-default\"><p><strong>\u00a7 1 Definitions<\/strong><span style=\", sans-serif;font-size: 20px;font-weight: 500;letter-spacing: 0px\"><\/span><\/p><\/h5>\t\t<\/div>\n\t\t\t\t<\/div>\n\t\t\t\t<div class=\"elementor-element elementor-element-7d1bae0 elementor-widget__width-initial elementor-widget elementor-widget-heading\" data-id=\"7d1bae0\" data-element_type=\"widget\" data-widget_type=\"heading.default\">\n\t\t\t\t<div class=\"elementor-widget-container\">\n\t\t\t<h5 class=\"elementor-heading-title elementor-size-default\"><ol><li><strong>Administrator<\/strong>: Jolanta Czerwik SPECJALISTYCZNA PRAKTYKA LEKARSKA, with permanent business address in Wieliczka, at 4B Wincentego Pola Street.<\/li><li><strong>Customer\/User<\/strong>: An individual whose personal data is processed by the Administrator.<\/li><li><strong>RODO<\/strong>: Regulation (EU) 2016\/679 of the European Parliament and of the Council of April 27, 2016 on the protection of personal data.<\/li><\/ol><\/h5>\t\t<\/div>\n\t\t\t\t<\/div>\n\t\t\t\t<div class=\"elementor-element elementor-element-a3ba25b elementor-widget elementor-widget-spacer\" data-id=\"a3ba25b\" data-element_type=\"widget\" data-widget_type=\"spacer.default\">\n\t\t\t\t<div class=\"elementor-widget-container\">\n\t\t\t\t\t<div class=\"elementor-spacer\">\n\t\t\t<div class=\"elementor-spacer-inner\"><\/div>\n\t\t<\/div>\n\t\t\t\t<\/div>\n\t\t\t\t<\/div>\n\t\t\t\t<div class=\"elementor-element elementor-element-586dbcf elementor-widget__width-initial elementor-widget elementor-widget-heading\" data-id=\"586dbcf\" data-element_type=\"widget\" data-widget_type=\"heading.default\">\n\t\t\t\t<div class=\"elementor-widget-container\">\n\t\t\t<h5 class=\"elementor-heading-title elementor-size-default\"><div><strong style=\"letter-spacing: 0px\">\u00a7 2 Processing of personal data<\/strong><\/div><\/h5>\t\t<\/div>\n\t\t\t\t<\/div>\n\t\t\t\t<div class=\"elementor-element elementor-element-8a54ddf elementor-widget__width-initial elementor-widget elementor-widget-heading\" data-id=\"8a54ddf\" data-element_type=\"widget\" data-widget_type=\"heading.default\">\n\t\t\t\t<div class=\"elementor-widget-container\">\n\t\t\t<h5 class=\"elementor-heading-title elementor-size-default\"><ol><li>The Administrator processes personal data of Customers\/Users for the purpose of providing medical services, conducting patient registration, contacting Customers and conducting marketing activities, in accordance with the applicable law.<\/li><li>Data processing is carried out on the basis of the Customer\/User's consent, performance of the contract, fulfillment of the Administrator's legal obligation and fulfillment of the Administrator's legitimate interests.<\/li><li>Personal data will be kept for the period necessary to fulfill the purposes for which they were collected, or for the period required by law.<\/li><\/ol><\/h5>\t\t<\/div>\n\t\t\t\t<\/div>\n\t\t\t\t<div class=\"elementor-element elementor-element-38e2a0b elementor-widget elementor-widget-spacer\" data-id=\"38e2a0b\" data-element_type=\"widget\" data-widget_type=\"spacer.default\">\n\t\t\t\t<div class=\"elementor-widget-container\">\n\t\t\t\t\t<div class=\"elementor-spacer\">\n\t\t\t<div class=\"elementor-spacer-inner\"><\/div>\n\t\t<\/div>\n\t\t\t\t<\/div>\n\t\t\t\t<\/div>\n\t\t\t\t<div class=\"elementor-element elementor-element-7a87edb elementor-widget__width-initial elementor-widget elementor-widget-heading\" data-id=\"7a87edb\" data-element_type=\"widget\" data-widget_type=\"heading.default\">\n\t\t\t\t<div class=\"elementor-widget-container\">\n\t\t\t<h5 class=\"elementor-heading-title elementor-size-default\"><div><strong style=\"letter-spacing: 0px\">\u00a7 3 Rights of Customers\/Users<\/strong><span style=\", sans-serif;font-size: 20px;font-weight: 500;letter-spacing: 0px\"><\/span><\/div><\/h5>\t\t<\/div>\n\t\t\t\t<\/div>\n\t\t\t\t<div class=\"elementor-element elementor-element-ccbcd2f elementor-widget__width-initial elementor-widget elementor-widget-heading\" data-id=\"ccbcd2f\" data-element_type=\"widget\" data-widget_type=\"heading.default\">\n\t\t\t\t<div class=\"elementor-widget-container\">\n\t\t\t<h5 class=\"elementor-heading-title elementor-size-default\"><ol><li><strong>Right of access to data<\/strong>: The Customer\/User has the right to obtain information on whether his\/her data is being processed and to obtain a copy of such data.<\/li><li><strong>Right to rectify data<\/strong>: Customer\/User has the right to request rectification of inaccurate personal data or completion.<\/li><li><strong>Right to erasure of data (\u201cright to be forgotten\u201d)<\/strong>: The Customer\/User may request deletion of his\/her data when it is no longer needed for the purposes for which it was collected, or when the processing is carried out unlawfully.<\/li><li><strong>The right to restrict data processing<\/strong>: The Customer\/User has the right to request the restriction of the processing of his\/her data in the cases specified in Article 18 RODO.<\/li><li><strong>Right to data portability<\/strong>: The Customer\/User has the right to receive his\/her data in a structured, commonly used format and to send it to another controller.<\/li><li><strong>Right to object<\/strong>: The Customer\/User has the right to object to the processing of data if the processing is based on the legitimate interest of the Administrator.<\/li><li><strong>Right to withdraw consent<\/strong>: Customer\/User may revoke consent to data processing at any time, without affecting the lawfulness of processing before revocation.<\/li><\/ol><\/h5>\t\t<\/div>\n\t\t\t\t<\/div>\n\t\t\t\t<div class=\"elementor-element elementor-element-3bcdc06 elementor-widget elementor-widget-spacer\" data-id=\"3bcdc06\" data-element_type=\"widget\" data-widget_type=\"spacer.default\">\n\t\t\t\t<div class=\"elementor-widget-container\">\n\t\t\t\t\t<div class=\"elementor-spacer\">\n\t\t\t<div class=\"elementor-spacer-inner\"><\/div>\n\t\t<\/div>\n\t\t\t\t<\/div>\n\t\t\t\t<\/div>\n\t\t\t\t<div class=\"elementor-element elementor-element-5bd7bab elementor-widget__width-initial elementor-widget elementor-widget-heading\" data-id=\"5bd7bab\" data-element_type=\"widget\" data-widget_type=\"heading.default\">\n\t\t\t\t<div class=\"elementor-widget-container\">\n\t\t\t<h5 class=\"elementor-heading-title elementor-size-default\"><div><strong style=\"letter-spacing: 0px\">\u00a7 4 Cookie mechanism and analytical data<\/strong><\/div><\/h5>\t\t<\/div>\n\t\t\t\t<\/div>\n\t\t\t\t<div class=\"elementor-element elementor-element-61ce997 elementor-widget__width-initial elementor-widget elementor-widget-heading\" data-id=\"61ce997\" data-element_type=\"widget\" data-widget_type=\"heading.default\">\n\t\t\t\t<div class=\"elementor-widget-container\">\n\t\t\t<h5 class=\"elementor-heading-title elementor-size-default\"><ol><li>The website uses cookies to improve the functionality of the website and for analytical and marketing purposes.<\/li><li>The customer\/user can manage the cookie settings via their web browser. However, blocking cookies may affect the functionality of the website.<\/li><li>The administrator uses analytics tools, such as Google Analytics, which may collect anonymous data about site users.<\/li><\/ol><\/h5>\t\t<\/div>\n\t\t\t\t<\/div>\n\t\t\t\t<div class=\"elementor-element elementor-element-f94fb28 elementor-widget elementor-widget-spacer\" data-id=\"f94fb28\" data-element_type=\"widget\" data-widget_type=\"spacer.default\">\n\t\t\t\t<div class=\"elementor-widget-container\">\n\t\t\t\t\t<div class=\"elementor-spacer\">\n\t\t\t<div class=\"elementor-spacer-inner\"><\/div>\n\t\t<\/div>\n\t\t\t\t<\/div>\n\t\t\t\t<\/div>\n\t\t\t\t<div class=\"elementor-element elementor-element-26012c8 elementor-widget__width-initial elementor-widget elementor-widget-heading\" data-id=\"26012c8\" data-element_type=\"widget\" data-widget_type=\"heading.default\">\n\t\t\t\t<div class=\"elementor-widget-container\">\n\t\t\t<h5 class=\"elementor-heading-title elementor-size-default\"><strong style=\"letter-spacing: 0px\">\u00a7 5 Final provisions<\/strong><span style=\", sans-serif;font-size: 20px;font-weight: 500;letter-spacing: 0px\"><\/span><\/h5>\t\t<\/div>\n\t\t\t\t<\/div>\n\t\t\t\t<div class=\"elementor-element elementor-element-cc133db elementor-widget__width-initial elementor-widget elementor-widget-heading\" data-id=\"cc133db\" data-element_type=\"widget\" data-widget_type=\"heading.default\">\n\t\t\t\t<div class=\"elementor-widget-container\">\n\t\t\t<h5 class=\"elementor-heading-title elementor-size-default\"><ol><li>The Privacy Policy may be updated from time to time. Customers\/Users will be informed of any changes through announcements on the website.<\/li><li>If you have any questions about the Privacy Policy, please contact us at: <a rel=\"noopener\">info@pulmonolog-wieliczka.pl<\/a>.<\/li><\/ol><\/h5>\t\t<\/div>\n\t\t\t\t<\/div>\n\t\t\t\t\t<\/div>\n\t\t<\/div>\n\t\t\t\t\t<\/div>\n\t\t<\/section>\n\t\t\t\t\t<\/div>\n\t\t<\/div>\n\t\t\t\t\t<\/div>\n\t\t<\/section>\n\t\t\t\t<\/div>","protected":false},"excerpt":{"rendered":"<p>Polityka prywatno\u015bci \u00a7 1 Definicje Administrator: Jolanta Czerwik SPECJALISTYCZNA PRAKTYKA LEKARSKA, z adresem sta\u0142ego wykonywania dzia\u0142alno\u015bci w Wieliczce, przy ul. Wincentego Pola 4B. Klient\/U\u017cytkownik: Osoba fizyczna,<span class=\"excerpt-hellip\"> [\u2026]<\/span><\/p>","protected":false},"author":1,"featured_media":0,"parent":0,"menu_order":0,"comment_status":"open","ping_status":"closed","template":"","meta":{"footnotes":""},"class_list":["post-477","page","type-page","status-publish","hentry"],"_links":{"self":[{"href":"https:\/\/pulmonolog-wieliczka.pl\/en\/wp-json\/wp\/v2\/pages\/477","targetHints":{"allow":["GET"]}}],"collection":[{"href":"https:\/\/pulmonolog-wieliczka.pl\/en\/wp-json\/wp\/v2\/pages"}],"about":[{"href":"https:\/\/pulmonolog-wieliczka.pl\/en\/wp-json\/wp\/v2\/types\/page"}],"author":[{"embeddable":true,"href":"https:\/\/pulmonolog-wieliczka.pl\/en\/wp-json\/wp\/v2\/users\/1"}],"replies":[{"embeddable":true,"href":"https:\/\/pulmonolog-wieliczka.pl\/en\/wp-json\/wp\/v2\/comments?post=477"}],"version-history":[{"count":0,"href":"https:\/\/pulmonolog-wieliczka.pl\/en\/wp-json\/wp\/v2\/pages\/477\/revisions"}],"wp:attachment":[{"href":"https:\/\/pulmonolog-wieliczka.pl\/en\/wp-json\/wp\/v2\/media?parent=477"}],"curies":[{"name":"wp","href":"https:\/\/api.w.org\/{rel}","templated":true}]}}