{"id":562,"date":"2024-10-02T17:07:04","date_gmt":"2024-10-02T16:07:04","guid":{"rendered":"https:\/\/pulmonolog-wieliczka.pl\/cancel-payment\/"},"modified":"-0001-11-30T00:00:00","modified_gmt":"-0001-11-29T22:00:00","slug":"cancel-payment","status":"publish","type":"page","link":"https:\/\/pulmonolog-wieliczka.pl\/en\/cancel-payment\/","title":{"rendered":"Anuluj p\u0142atno\u015b\u0107"},"content":{"rendered":"<div class=\"bpa-front-data-empty-view __bpa-is-guest-view\">\n<h4>Przepraszam! Co\u015b posz\u0142o nie tak. Twoja p\u0142atno\u015b\u0107 nie powiod\u0142a si\u0119.<\/h4>\n<\/p><\/div>","protected":false},"excerpt":{"rendered":"<p>Przepraszam! Co\u015b posz\u0142o nie tak. Twoja p\u0142atno\u015b\u0107 nie powiod\u0142a si\u0119.<\/p>","protected":false},"author":1,"featured_media":0,"parent":0,"menu_order":0,"comment_status":"open","ping_status":"open","template":"","meta":{"footnotes":""},"class_list":["post-562","page","type-page","status-publish","hentry"],"_links":{"self":[{"href":"https:\/\/pulmonolog-wieliczka.pl\/en\/wp-json\/wp\/v2\/pages\/562","targetHints":{"allow":["GET"]}}],"collection":[{"href":"https:\/\/pulmonolog-wieliczka.pl\/en\/wp-json\/wp\/v2\/pages"}],"about":[{"href":"https:\/\/pulmonolog-wieliczka.pl\/en\/wp-json\/wp\/v2\/types\/page"}],"author":[{"embeddable":true,"href":"https:\/\/pulmonolog-wieliczka.pl\/en\/wp-json\/wp\/v2\/users\/1"}],"replies":[{"embeddable":true,"href":"https:\/\/pulmonolog-wieliczka.pl\/en\/wp-json\/wp\/v2\/comments?post=562"}],"version-history":[{"count":0,"href":"https:\/\/pulmonolog-wieliczka.pl\/en\/wp-json\/wp\/v2\/pages\/562\/revisions"}],"wp:attachment":[{"href":"https:\/\/pulmonolog-wieliczka.pl\/en\/wp-json\/wp\/v2\/media?parent=562"}],"curies":[{"name":"wp","href":"https:\/\/api.w.org\/{rel}","templated":true}]}}